{"id":70273,"date":"2022-05-05T10:49:29","date_gmt":"2022-05-05T08:49:29","guid":{"rendered":"https:\/\/ferent.shop\/producto\/shorts-bandits-sunset-acid\/"},"modified":"2022-12-20T11:32:25","modified_gmt":"2022-12-20T10:32:25","slug":"shorts-bandits-sunset-acid","status":"publish","type":"product","link":"https:\/\/ferent.shop\/en\/producto\/shorts-bandits-sunset-acid\/","title":{"rendered":"Bandits sunset acid shorts"},"content":{"rendered":"<section class=\"wpb-content-wrapper\"><p>[vc_row][vc_column offset=&#8221;vc_col-lg-7 vc_col-md-6&#8243;][vc_custom_heading text=&#8221;<span data-sheets-value=\"{&quot;1&quot;:2,&quot;2&quot;:&quot;Shorts Bandits sunset acid&quot;}\" data-sheets-userformat=\"{&quot;2&quot;:525,&quot;3&quot;:{&quot;1&quot;:0},&quot;5&quot;:{&quot;1&quot;:&#091;{&quot;1&quot;:2,&quot;2&quot;:0,&quot;5&quot;:{&quot;1&quot;:2,&quot;2&quot;:0}},{&quot;1&quot;:0,&quot;2&quot;:0,&quot;3&quot;:3},{&quot;1&quot;:1,&quot;2&quot;:0,&quot;4&quot;:1}&#093;},&quot;6&quot;:{&quot;1&quot;:&#091;{&quot;1&quot;:2,&quot;2&quot;:0,&quot;5&quot;:{&quot;1&quot;:2,&quot;2&quot;:0}},{&quot;1&quot;:0,&quot;2&quot;:0,&quot;3&quot;:3},{&quot;1&quot;:1,&quot;2&quot;:0,&quot;4&quot;:1}&#093;},&quot;12&quot;:0}\">Bandits sunset acid shorts<\/span>&#8221; font_container=&#8221;tag:h2|font_size:24px|text_align:left&#8221; use_theme_fonts=&#8221;yes&#8221; font_weight=&#8221;400&#8243; t_supro_heading=&#8221;&#8221; m_supro_heading=&#8221;&#8221; css=&#8221;.vc_custom_1651742973516{margin-top: 0px !important;margin-bottom: 0px !important;}&#8221;]<div class=\"supro-empty-space \" style=\"\"><div class=\"supro_empty_space_lg\"  style=\"height: 30px\"><\/div><div class=\"supro_empty_space_md\"  style=\"height: 30px\"><\/div><div class=\"supro_empty_space_xs\"  style=\"height: 30px\"><\/div><\/div>[vc_column_text]Se trata de un short vaquero de cintura baja. Estilo cl\u00e1sico de 5 bolsillos. Est\u00e1n dise\u00f1ados para llevarlos de cintura baja y holgados. El dobladillo es de doble vuelta abrochado ligeramente hacia la mitad del muslo, la parte trasera ligeramente m\u00e1s larga que la parte delantera, favoreciendo la silueta y visualmente alargando las piernas. Confeccionados en denim r\u00edgido y con cierre de bot\u00f3n con el logo de la marca, el caracter\u00edstico p\u00e1jaro.<\/p>\n<p>Este modelo es una edici\u00f3n limitada, con el estampado Sunset Acid, un short con la base gris desgastadas y con tintes exclusivos de color rosa, amarillo y naranja.[\/vc_column_text]<div class=\"supro-empty-space \" style=\"\"><div class=\"supro_empty_space_lg\"  style=\"height: 55px\"><\/div><div class=\"supro_empty_space_md\"  style=\"height: 55px\"><\/div><div class=\"supro_empty_space_xs\"  style=\"height: 55px\"><\/div><\/div>[vc_custom_heading text=&#8221;Composition and care \/ Characteristics&#8221; font_container=&#8221;tag:h2|font_size:24px|text_align:left&#8221; use_theme_fonts=&#8221;yes&#8221; font_weight=&#8221;400&#8243; t_supro_heading=&#8221;&#8221; m_supro_heading=&#8221;&#8221; css=&#8221;.vc_custom_1542386465179{margin-top: 0px !important;margin-bottom: 0px !important;}&#8221;]<div class=\"supro-empty-space \" style=\"\"><div class=\"supro_empty_space_lg\"  style=\"height: 30px\"><\/div><div class=\"supro_empty_space_md\"  style=\"height: 30px\"><\/div><div class=\"supro_empty_space_xs\"  style=\"height: 30px\"><\/div><\/div>[vc_column_text]<\/p>\n<ul>\n<li>Colour: Sunset acid.<\/li>\n<li>Material: 100% cotton.<\/li>\n<li>Care: machine wash cold<\/li>\n<\/ul>\n<p>[\/vc_column_text][\/vc_column][vc_column offset=&#8221;vc_col-lg-5 vc_col-md-6 vc_hidden-xs&#8221;][vc_single_image image=&#8221;70270&#8243; img_size=&#8221;1000&#215;1000&#8243;][\/vc_column][\/vc_row]<\/p>\n<\/section>","protected":false},"excerpt":{"rendered":"<p>Tie-dye denim shorts with low waist and loose fit. Classic 5-pocket style. They are designed to be worn low-waisted and baggy. So have fun with them and find the ones that suit you best.<\/p>\n<p>The model is wearing a size 26. This size is equivalent to a 36\/38.<\/p>\n<p>&nbsp;<\/p>\n<p><a href=\"https:\/\/ferent.shop\/en\/size-guide-one-tea-spoon\/\">SIZE GUIDE<\/a><\/p>\n","protected":false},"featured_media":70272,"comment_status":"open","ping_status":"closed","template":"","meta":[],"product_cat":[275,276,606,700,779,794,812,996,1056,229,244,250,257,261],"product_tag":[],"ofertas-hombre":[],"seleccion-hombre":[],"looks-hombre":[],"zapatos-hombre":[],"zapatos-mujer":[],"accesorios-hombre":[],"accesorios-mujer":[],"ropa-hombre":[],"ropa-mujer":[4834,4836,4842,4858],"seleccion-mujer":[5008,5012],"looks-mujer":[5018,5024],"ofertas-mujer":[5059],"marcas":[5334],"genero":[4761,5077,5081],"yst_prominent_words":[],"yoast_head":"<!-- This site is optimized with the Yoast SEO Premium plugin v14.6.1 - https:\/\/yoast.com\/wordpress\/plugins\/seo\/ -->\n<title>Bandits sunset acid shorts | FERENT<\/title>\n<meta name=\"robots\" content=\"index, follow\" \/>\n<meta name=\"googlebot\" content=\"index, follow, max-snippet:-1, max-image-preview:large, max-video-preview:-1\" \/>\n<meta name=\"bingbot\" content=\"index, follow, max-snippet:-1, max-image-preview:large, max-video-preview:-1\" \/>\n<link rel=\"canonical\" href=\"https:\/\/ferent.shop\/en\/producto\/shorts-bandits-sunset-acid\/\" \/>\n<meta property=\"og:locale\" content=\"en_US\" \/>\n<meta property=\"og:type\" content=\"article\" \/>\n<meta property=\"og:title\" content=\"Bandits sunset acid shorts | FERENT\" \/>\n<meta property=\"og:description\" content=\"Tie-dye denim shorts with low waist and loose fit. Classic 5-pocket style. They are designed to be worn low-waisted and baggy. So have fun with them and find the ones that suit you best.  The model is wearing a size 26. This size is equivalent to a 36\/38.  &nbsp;  SIZE GUIDE\" \/>\n<meta property=\"og:url\" content=\"https:\/\/ferent.shop\/en\/producto\/shorts-bandits-sunset-acid\/\" \/>\n<meta property=\"og:site_name\" content=\"FERENT\" \/>\n<meta property=\"article:publisher\" content=\"https:\/\/www.facebook.com\/tanngo.shop\" \/>\n<meta property=\"article:modified_time\" content=\"2022-12-20T10:32:25+00:00\" \/>\n<meta property=\"og:image\" content=\"https:\/\/ferent.shop\/wp-content\/uploads\/2022\/05\/Shorts-Sunset-OTS_1.jpg\" \/>\n\t<meta property=\"og:image:width\" content=\"1000\" \/>\n\t<meta property=\"og:image:height\" content=\"1000\" \/>\n<meta name=\"twitter:card\" content=\"summary_large_image\" \/>\n<script type=\"application\/ld+json\" class=\"yoast-schema-graph\">{\"@context\":\"https:\/\/schema.org\",\"@graph\":[{\"@type\":\"Organization\",\"@id\":\"https:\/\/ferent.shop\/en\/#organization\",\"name\":\"Ferent\",\"url\":\"https:\/\/ferent.shop\/en\/\",\"sameAs\":[\"https:\/\/www.facebook.com\/tanngo.shop\",\"https:\/\/www.instagram.com\/tanngo.shop\/\"],\"logo\":{\"@type\":\"ImageObject\",\"@id\":\"https:\/\/ferent.shop\/en\/#logo\",\"inLanguage\":\"en-US\",\"url\":\"\",\"caption\":\"Ferent\"},\"image\":{\"@id\":\"https:\/\/ferent.shop\/en\/#logo\"}},{\"@type\":\"WebSite\",\"@id\":\"https:\/\/ferent.shop\/en\/#website\",\"url\":\"https:\/\/ferent.shop\/en\/\",\"name\":\"FERENT\",\"description\":\"Your online fashion destination.\",\"publisher\":{\"@id\":\"https:\/\/ferent.shop\/en\/#organization\"},\"potentialAction\":[{\"@type\":\"SearchAction\",\"target\":\"https:\/\/ferent.shop\/en\/?s={search_term_string}\",\"query-input\":\"required name=search_term_string\"}],\"inLanguage\":\"en-US\"},{\"@type\":\"ImageObject\",\"@id\":\"https:\/\/ferent.shop\/en\/producto\/shorts-bandits-sunset-acid\/#primaryimage\",\"inLanguage\":\"en-US\",\"url\":\"https:\/\/ferent.shop\/wp-content\/uploads\/2022\/05\/Shorts-Sunset-OTS_1.jpg\",\"width\":1000,\"height\":1000},{\"@type\":\"WebPage\",\"@id\":\"https:\/\/ferent.shop\/en\/producto\/shorts-bandits-sunset-acid\/#webpage\",\"url\":\"https:\/\/ferent.shop\/en\/producto\/shorts-bandits-sunset-acid\/\",\"name\":\"Bandits sunset acid shorts | FERENT\",\"isPartOf\":{\"@id\":\"https:\/\/ferent.shop\/en\/#website\"},\"primaryImageOfPage\":{\"@id\":\"https:\/\/ferent.shop\/en\/producto\/shorts-bandits-sunset-acid\/#primaryimage\"},\"datePublished\":\"2022-05-05T08:49:29+00:00\",\"dateModified\":\"2022-12-20T10:32:25+00:00\",\"inLanguage\":\"en-US\",\"potentialAction\":[{\"@type\":\"ReadAction\",\"target\":[\"https:\/\/ferent.shop\/en\/producto\/shorts-bandits-sunset-acid\/\"]}]}]}<\/script>\n<!-- \/ Yoast SEO Premium plugin. -->","_links":{"self":[{"href":"https:\/\/ferent.shop\/en\/wp-json\/wp\/v2\/product\/70273"}],"collection":[{"href":"https:\/\/ferent.shop\/en\/wp-json\/wp\/v2\/product"}],"about":[{"href":"https:\/\/ferent.shop\/en\/wp-json\/wp\/v2\/types\/product"}],"replies":[{"embeddable":true,"href":"https:\/\/ferent.shop\/en\/wp-json\/wp\/v2\/comments?post=70273"}],"wp:featuredmedia":[{"embeddable":true,"href":"https:\/\/ferent.shop\/en\/wp-json\/wp\/v2\/media\/70272"}],"wp:attachment":[{"href":"https:\/\/ferent.shop\/en\/wp-json\/wp\/v2\/media?parent=70273"}],"wp:term":[{"taxonomy":"product_cat","embeddable":true,"href":"https:\/\/ferent.shop\/en\/wp-json\/wp\/v2\/product_cat?post=70273"},{"taxonomy":"product_tag","embeddable":true,"href":"https:\/\/ferent.shop\/en\/wp-json\/wp\/v2\/product_tag?post=70273"},{"taxonomy":"ofertas-hombre","embeddable":true,"href":"https:\/\/ferent.shop\/en\/wp-json\/wp\/v2\/ofertas-hombre?post=70273"},{"taxonomy":"seleccion-hombre","embeddable":true,"href":"https:\/\/ferent.shop\/en\/wp-json\/wp\/v2\/seleccion-hombre?post=70273"},{"taxonomy":"looks-hombre","embeddable":true,"href":"https:\/\/ferent.shop\/en\/wp-json\/wp\/v2\/looks-hombre?post=70273"},{"taxonomy":"zapatos-hombre","embeddable":true,"href":"https:\/\/ferent.shop\/en\/wp-json\/wp\/v2\/zapatos-hombre?post=70273"},{"taxonomy":"zapatos-mujer","embeddable":true,"href":"https:\/\/ferent.shop\/en\/wp-json\/wp\/v2\/zapatos-mujer?post=70273"},{"taxonomy":"accesorios-hombre","embeddable":true,"href":"https:\/\/ferent.shop\/en\/wp-json\/wp\/v2\/accesorios-hombre?post=70273"},{"taxonomy":"accesorios-mujer","embeddable":true,"href":"https:\/\/ferent.shop\/en\/wp-json\/wp\/v2\/accesorios-mujer?post=70273"},{"taxonomy":"ropa-hombre","embeddable":true,"href":"https:\/\/ferent.shop\/en\/wp-json\/wp\/v2\/ropa-hombre?post=70273"},{"taxonomy":"ropa-mujer","embeddable":true,"href":"https:\/\/ferent.shop\/en\/wp-json\/wp\/v2\/ropa-mujer?post=70273"},{"taxonomy":"seleccion-mujer","embeddable":true,"href":"https:\/\/ferent.shop\/en\/wp-json\/wp\/v2\/seleccion-mujer?post=70273"},{"taxonomy":"looks-mujer","embeddable":true,"href":"https:\/\/ferent.shop\/en\/wp-json\/wp\/v2\/looks-mujer?post=70273"},{"taxonomy":"ofertas-mujer","embeddable":true,"href":"https:\/\/ferent.shop\/en\/wp-json\/wp\/v2\/ofertas-mujer?post=70273"},{"taxonomy":"marcas","embeddable":true,"href":"https:\/\/ferent.shop\/en\/wp-json\/wp\/v2\/marcas?post=70273"},{"taxonomy":"genero","embeddable":true,"href":"https:\/\/ferent.shop\/en\/wp-json\/wp\/v2\/genero?post=70273"},{"taxonomy":"yst_prominent_words","embeddable":true,"href":"https:\/\/ferent.shop\/en\/wp-json\/wp\/v2\/yst_prominent_words?post=70273"}],"curies":[{"name":"wp","href":"https:\/\/api.w.org\/{rel}","templated":true}]}}