{"id":22492,"date":"2020-03-10T17:53:24","date_gmt":"2020-03-10T16:53:24","guid":{"rendered":"https:\/\/tanngo.shop\/men\/outlet\/clothing\/jackets-and-blazers\/"},"modified":"2020-04-13T17:44:11","modified_gmt":"2020-04-13T15:44:11","slug":"jackets-and-blazers","status":"publish","type":"page","link":"https:\/\/ferent.shop\/en\/men\/outlet\/clothing\/jackets-and-blazers\/","title":{"rendered":"Jackets and blazers"},"content":{"rendered":"<section class=\"wpb-content-wrapper\"><p>[vc_row][vc_column width=&#8221;1\/5&#8243; offset=&#8221;vc_hidden-sm vc_hidden-xs&#8221;][vc_empty_space][vc_wp_custommenu nav_menu=&#8221;988&#8243;][\/vc_column][vc_column width=&#8221;4\/5&#8243;][vc_column_text]<\/p>\n<h1>Jackets and blazers &#8211; Outlet<\/h1>\n<p>[\/vc_column_text][vc_empty_space]<div class=\"woocommerce columns-3 \"><ul class=\"products columns-3\">\n<li class=\"product type-product post-10651 status-publish first outofstock product_cat-clothing product_cat-jackets-and-blazers-en-4 product_cat-jackets-and-blazers product_cat-jerseys-and-sweatshirts-en-3 product_cat-outlet-men product_cat-sarah-pacini-en-4 product_cat-occasion-en product_cat-lets-ride-en product_cat-selection product_cat-brands product_cat-sarah-pacini-en-2 product_cat-all-in-black-en product_cat-men product_cat-clothing-en-4 has-post-thumbnail sale taxable shipping-taxable purchasable product-type-variable woovr-active woovr-show-price woovr-show-availability woovr-show-description\">\n\t<div class=\"product-inner  clearfix\"><div class=\"un-product-thumbnail\"><a href=\"https:\/\/ferent.shop\/en\/producto\/jersey-utility-vest-sarah-pacini\/\" class=\"\"><img width=\"400\" height=\"400\" src=\"https:\/\/ferent.shop\/wp-content\/uploads\/2019\/08\/188416_02_A-400x400.jpg\" class=\"attachment-woocommerce_thumbnail size-woocommerce_thumbnail\" alt=\"\" decoding=\"async\" loading=\"lazy\" srcset=\"https:\/\/ferent.shop\/wp-content\/uploads\/2019\/08\/188416_02_A-400x400.jpg 400w, https:\/\/ferent.shop\/wp-content\/uploads\/2019\/08\/188416_02_A-150x150.jpg 150w, https:\/\/ferent.shop\/wp-content\/uploads\/2019\/08\/188416_02_A-300x300.jpg 300w, https:\/\/ferent.shop\/wp-content\/uploads\/2019\/08\/188416_02_A-768x768.jpg 768w, https:\/\/ferent.shop\/wp-content\/uploads\/2019\/08\/188416_02_A-75x75.jpg 75w, https:\/\/ferent.shop\/wp-content\/uploads\/2019\/08\/188416_02_A-480x480.jpg 480w, https:\/\/ferent.shop\/wp-content\/uploads\/2019\/08\/188416_02_A-450x450.jpg 450w, https:\/\/ferent.shop\/wp-content\/uploads\/2019\/08\/188416_02_A-600x600.jpg 600w, https:\/\/ferent.shop\/wp-content\/uploads\/2019\/08\/188416_02_A-100x100.jpg 100w, https:\/\/ferent.shop\/wp-content\/uploads\/2019\/08\/188416_02_A.jpg 1000w\" sizes=\"(max-width: 400px) 100vw, 400px\" \/><img width=\"400\" height=\"400\" src=\"https:\/\/ferent.shop\/wp-content\/uploads\/2019\/08\/188416_02_B-400x400.jpg\" class=\"image-hover\" alt=\"\" decoding=\"async\" loading=\"lazy\" srcset=\"https:\/\/ferent.shop\/wp-content\/uploads\/2019\/08\/188416_02_B-400x400.jpg 400w, https:\/\/ferent.shop\/wp-content\/uploads\/2019\/08\/188416_02_B-150x150.jpg 150w, https:\/\/ferent.shop\/wp-content\/uploads\/2019\/08\/188416_02_B-300x300.jpg 300w, https:\/\/ferent.shop\/wp-content\/uploads\/2019\/08\/188416_02_B-768x768.jpg 768w, https:\/\/ferent.shop\/wp-content\/uploads\/2019\/08\/188416_02_B-75x75.jpg 75w, https:\/\/ferent.shop\/wp-content\/uploads\/2019\/08\/188416_02_B-480x480.jpg 480w, https:\/\/ferent.shop\/wp-content\/uploads\/2019\/08\/188416_02_B-450x450.jpg 450w, https:\/\/ferent.shop\/wp-content\/uploads\/2019\/08\/188416_02_B-600x600.jpg 600w, https:\/\/ferent.shop\/wp-content\/uploads\/2019\/08\/188416_02_B-100x100.jpg 100w, https:\/\/ferent.shop\/wp-content\/uploads\/2019\/08\/188416_02_B.jpg 1000w\" sizes=\"(max-width: 400px) 100vw, 400px\" \/><span class=\"ribbons\"><span class=\"out-of-stock ribbon\">SOLD OUT<\/span><\/span><\/a><div class=\"footer-button\"><a href=\"https:\/\/ferent.shop\/en\/producto\/jersey-utility-vest-sarah-pacini\/\" data-quantity=\"1\" data-title=\"Jersey utility vest\" class=\"button product_type_variable\" data-product_id=\"10651\" data-product_sku=\"188416-02\" aria-label=\"Select options for &ldquo;Jersey utility vest&rdquo;\" aria-describedby=\"This product has multiple variants. The options may be chosen on the product page\" rel=\"nofollow\">Select options<\/a><div class=\"actions-button\">\n<div class=\"yith-wcwl-add-to-wishlist add-to-wishlist-10651  wishlist-fragment on-first-load\"\n     data-fragment-ref=\"10651\"\n     data-fragment-options=\"{&quot;base_url&quot;:&quot;&quot;,&quot;in_default_wishlist&quot;:false,&quot;is_single&quot;:false,&quot;show_exists&quot;:false,&quot;product_id&quot;:10651,&quot;parent_product_id&quot;:10651,&quot;product_type&quot;:&quot;variable&quot;,&quot;show_view&quot;:false,&quot;browse_wishlist_text&quot;:&quot;Browse Wishlist&quot;,&quot;already_in_wishslist_text&quot;:&quot;The product is already on the wishlist!&quot;,&quot;product_added_text&quot;:&quot;Added product!&quot;,&quot;heading_icon&quot;:&quot;icon-heart&quot;,&quot;available_multi_wishlist&quot;:false,&quot;disable_wishlist&quot;:false,&quot;show_count&quot;:false,&quot;ajax_loading&quot;:false,&quot;loop_position&quot;:false,&quot;item&quot;:&quot;add_to_wishlist&quot;}\">\n\t\t\t\n            <!-- ADD TO WISHLIST -->\n\t\t\t\n<div class=\"yith-wcwl-add-button\">\n    <a href=\"?add_to_wishlist=10651\"\n       rel=\"nofollow\"\n       data-product-id=\"10651\"\n       data-product-title=\"Jersey utility vest\"\n       data-product-type=\"variable\"\n       data-original-product-id=\"10651\"\n       class=\"add_to_wishlist single_add_to_wishlist\"\n       data-title=\"Add to Wishlist\"\n       title=\"Save\"\n       data-rel=\"tooltip\"\n    >\n\t\t<i class=\"yith-wcwl-icon fa icon-heart\"><\/i>        <span class=\"indent-text\">Add to Wishlist<\/span>\n    <\/a>\n    <span class=\"ajax-loading\" style=\"visibility:hidden\">\n        <span class=\"fa-spin loading-icon\"><\/span>\n    <\/span>\n<\/div>\n            <!-- COUNT TEXT -->\n\t\t\t\n\t\t\t<\/div>\n<div class=\"clear\"><\/div><a href=\"https:\/\/ferent.shop\/en\/producto\/jersey-utility-vest-sarah-pacini\/\" data-id=\"10651\"  class=\"supro-product-quick-view hidden-sm hidden-xs\" title=\"Quick View\" data-rel=\"tooltip\"><i class=\"icon-frame-expand\"><\/i><\/a><\/div><\/div><\/div><div class=\"un-product-details\"><h3><a href=\"https:\/\/ferent.shop\/en\/producto\/jersey-utility-vest-sarah-pacini\/\">Jersey utility vest<\/a><\/h3>\n\t<span class=\"price\"><del aria-hidden=\"true\"><span class=\"woocommerce-Price-amount amount\"><bdi>242,00<span class=\"woocommerce-Price-currencySymbol\">&euro;<\/span><\/bdi><\/span><\/del> <ins><span class=\"woocommerce-Price-amount amount\"><bdi>72,60<span class=\"woocommerce-Price-currencySymbol\">&euro;<\/span><\/bdi><\/span><\/ins><\/span>\n<div class=\"woocommerce-product-details__short-description\">\n\t<p>Una reinvenci\u00f3n del cl\u00e1sico chaleco utilitario con correas que caen de los hombros y se enrollan a trav\u00e9s de las solapas de doble bolsillo.<\/p>\n<p>&nbsp;<\/p>\n<p><a href=\"https:\/\/ferent.shop\/guia-de-tallas-sarah-pacini\/\">SIZE GUIDE<\/a><\/p>\n<\/div>\n<div class=\"footer-button footer-button-shop-list\"><a href=\"https:\/\/ferent.shop\/en\/producto\/jersey-utility-vest-sarah-pacini\/\" data-quantity=\"1\" data-title=\"Jersey utility vest\" class=\"button product_type_variable\" data-product_id=\"10651\" data-product_sku=\"188416-02\" aria-label=\"Select options for &ldquo;Jersey utility vest&rdquo;\" aria-describedby=\"This product has multiple variants. The options may be chosen on the product page\" rel=\"nofollow\">Select options<\/a><div class=\"actions-button\">\n<div class=\"yith-wcwl-add-to-wishlist add-to-wishlist-10651  wishlist-fragment on-first-load\"\n     data-fragment-ref=\"10651\"\n     data-fragment-options=\"{&quot;base_url&quot;:&quot;&quot;,&quot;in_default_wishlist&quot;:false,&quot;is_single&quot;:false,&quot;show_exists&quot;:false,&quot;product_id&quot;:10651,&quot;parent_product_id&quot;:10651,&quot;product_type&quot;:&quot;variable&quot;,&quot;show_view&quot;:false,&quot;browse_wishlist_text&quot;:&quot;Browse Wishlist&quot;,&quot;already_in_wishslist_text&quot;:&quot;The product is already on the wishlist!&quot;,&quot;product_added_text&quot;:&quot;Added product!&quot;,&quot;heading_icon&quot;:&quot;icon-heart&quot;,&quot;available_multi_wishlist&quot;:false,&quot;disable_wishlist&quot;:false,&quot;show_count&quot;:false,&quot;ajax_loading&quot;:false,&quot;loop_position&quot;:false,&quot;item&quot;:&quot;add_to_wishlist&quot;}\">\n\t\t\t\n            <!-- ADD TO WISHLIST -->\n\t\t\t\n<div class=\"yith-wcwl-add-button\">\n    <a href=\"?add_to_wishlist=10651\"\n       rel=\"nofollow\"\n       data-product-id=\"10651\"\n       data-product-title=\"Jersey utility vest\"\n       data-product-type=\"variable\"\n       data-original-product-id=\"10651\"\n       class=\"add_to_wishlist single_add_to_wishlist\"\n       data-title=\"Add to Wishlist\"\n       title=\"Save\"\n       data-rel=\"tooltip\"\n    >\n\t\t<i class=\"yith-wcwl-icon fa icon-heart\"><\/i>        <span class=\"indent-text\">Add to Wishlist<\/span>\n    <\/a>\n    <span class=\"ajax-loading\" style=\"visibility:hidden\">\n        <span class=\"fa-spin loading-icon\"><\/span>\n    <\/span>\n<\/div>\n            <!-- COUNT TEXT -->\n\t\t\t\n\t\t\t<\/div>\n<div class=\"clear\"><\/div><a href=\"https:\/\/ferent.shop\/en\/producto\/jersey-utility-vest-sarah-pacini\/\" data-id=\"10651\"  class=\"supro-product-quick-view hidden-sm hidden-xs\" title=\"Quick View\" data-rel=\"tooltip\"><i class=\"icon-frame-expand\"><\/i><\/a><\/div><\/div><\/div><\/div><\/li>\n<li class=\"product type-product post-10669 status-publish outofstock product_cat-jerseys-and-sweatshirts product_cat-occasion-en product_cat-selection product_cat-brands product_cat-sarah-pacini-en-2 product_cat-all-in-black-en product_cat-clothing-en-4 product_cat-jackets-and-blazers-en-4 product_cat-jerseys-and-sweatshirts-en-3 product_cat-men product_cat-outlet-men product_cat-clothing product_cat-sarah-pacini-en-4 has-post-thumbnail sale taxable shipping-taxable purchasable product-type-simple woovr-active woovr-show-price woovr-show-availability woovr-show-description\">\n\t<div class=\"product-inner  clearfix\"><div class=\"un-product-thumbnail\"><a href=\"https:\/\/ferent.shop\/en\/producto\/sleeveless-wool-cardigan-sarah-pacini\/\" class=\"\"><img width=\"400\" height=\"400\" src=\"https:\/\/ferent.shop\/wp-content\/uploads\/2019\/08\/1-70-400x400.jpg\" class=\"attachment-woocommerce_thumbnail size-woocommerce_thumbnail\" alt=\"\" decoding=\"async\" loading=\"lazy\" srcset=\"https:\/\/ferent.shop\/wp-content\/uploads\/2019\/08\/1-70-400x400.jpg 400w, https:\/\/ferent.shop\/wp-content\/uploads\/2019\/08\/1-70-150x150.jpg 150w, https:\/\/ferent.shop\/wp-content\/uploads\/2019\/08\/1-70-300x300.jpg 300w, https:\/\/ferent.shop\/wp-content\/uploads\/2019\/08\/1-70-768x768.jpg 768w, https:\/\/ferent.shop\/wp-content\/uploads\/2019\/08\/1-70-75x75.jpg 75w, https:\/\/ferent.shop\/wp-content\/uploads\/2019\/08\/1-70-480x480.jpg 480w, https:\/\/ferent.shop\/wp-content\/uploads\/2019\/08\/1-70-450x450.jpg 450w, https:\/\/ferent.shop\/wp-content\/uploads\/2019\/08\/1-70-600x600.jpg 600w, https:\/\/ferent.shop\/wp-content\/uploads\/2019\/08\/1-70-100x100.jpg 100w, https:\/\/ferent.shop\/wp-content\/uploads\/2019\/08\/1-70.jpg 1000w\" sizes=\"(max-width: 400px) 100vw, 400px\" \/><img width=\"400\" height=\"400\" src=\"https:\/\/ferent.shop\/wp-content\/uploads\/2019\/08\/2-60-400x400.jpg\" class=\"image-hover\" alt=\"\" decoding=\"async\" loading=\"lazy\" srcset=\"https:\/\/ferent.shop\/wp-content\/uploads\/2019\/08\/2-60-400x400.jpg 400w, https:\/\/ferent.shop\/wp-content\/uploads\/2019\/08\/2-60-150x150.jpg 150w, https:\/\/ferent.shop\/wp-content\/uploads\/2019\/08\/2-60-300x300.jpg 300w, https:\/\/ferent.shop\/wp-content\/uploads\/2019\/08\/2-60-768x768.jpg 768w, https:\/\/ferent.shop\/wp-content\/uploads\/2019\/08\/2-60-75x75.jpg 75w, https:\/\/ferent.shop\/wp-content\/uploads\/2019\/08\/2-60-480x480.jpg 480w, https:\/\/ferent.shop\/wp-content\/uploads\/2019\/08\/2-60-450x450.jpg 450w, https:\/\/ferent.shop\/wp-content\/uploads\/2019\/08\/2-60-600x600.jpg 600w, https:\/\/ferent.shop\/wp-content\/uploads\/2019\/08\/2-60-100x100.jpg 100w, https:\/\/ferent.shop\/wp-content\/uploads\/2019\/08\/2-60.jpg 1000w\" sizes=\"(max-width: 400px) 100vw, 400px\" \/><span class=\"ribbons\"><span class=\"out-of-stock ribbon\">SOLD OUT<\/span><\/span><\/a><div class=\"footer-button\"><a href=\"https:\/\/ferent.shop\/en\/producto\/sleeveless-wool-cardigan-sarah-pacini\/\" data-quantity=\"1\" data-title=\"Sleeveless wool cardigan\" class=\"button product_type_simple\" data-product_id=\"10669\" data-product_sku=\"188029-02\" aria-label=\"Read more about &ldquo;Sleeveless wool cardigan&rdquo;\" aria-describedby=\"\" rel=\"nofollow\">Read more<\/a><div class=\"actions-button\">\n<div class=\"yith-wcwl-add-to-wishlist add-to-wishlist-10669  wishlist-fragment on-first-load\"\n     data-fragment-ref=\"10669\"\n     data-fragment-options=\"{&quot;base_url&quot;:&quot;&quot;,&quot;in_default_wishlist&quot;:false,&quot;is_single&quot;:false,&quot;show_exists&quot;:false,&quot;product_id&quot;:10669,&quot;parent_product_id&quot;:10669,&quot;product_type&quot;:&quot;simple&quot;,&quot;show_view&quot;:false,&quot;browse_wishlist_text&quot;:&quot;Browse Wishlist&quot;,&quot;already_in_wishslist_text&quot;:&quot;The product is already on the wishlist!&quot;,&quot;product_added_text&quot;:&quot;Added product!&quot;,&quot;heading_icon&quot;:&quot;icon-heart&quot;,&quot;available_multi_wishlist&quot;:false,&quot;disable_wishlist&quot;:false,&quot;show_count&quot;:false,&quot;ajax_loading&quot;:false,&quot;loop_position&quot;:false,&quot;item&quot;:&quot;add_to_wishlist&quot;}\">\n\t\t\t\n            <!-- ADD TO WISHLIST -->\n\t\t\t\n<div class=\"yith-wcwl-add-button\">\n    <a href=\"?add_to_wishlist=10669\"\n       rel=\"nofollow\"\n       data-product-id=\"10669\"\n       data-product-title=\"Sleeveless wool cardigan\"\n       data-product-type=\"simple\"\n       data-original-product-id=\"10669\"\n       class=\"add_to_wishlist single_add_to_wishlist\"\n       data-title=\"Add to Wishlist\"\n       title=\"Save\"\n       data-rel=\"tooltip\"\n    >\n\t\t<i class=\"yith-wcwl-icon fa icon-heart\"><\/i>        <span class=\"indent-text\">Add to Wishlist<\/span>\n    <\/a>\n    <span class=\"ajax-loading\" style=\"visibility:hidden\">\n        <span class=\"fa-spin loading-icon\"><\/span>\n    <\/span>\n<\/div>\n            <!-- COUNT TEXT -->\n\t\t\t\n\t\t\t<\/div>\n<div class=\"clear\"><\/div><a href=\"https:\/\/ferent.shop\/en\/producto\/sleeveless-wool-cardigan-sarah-pacini\/\" data-id=\"10669\"  class=\"supro-product-quick-view hidden-sm hidden-xs\" title=\"Quick View\" data-rel=\"tooltip\"><i class=\"icon-frame-expand\"><\/i><\/a><\/div><\/div><\/div><div class=\"un-product-details\"><h3><a href=\"https:\/\/ferent.shop\/en\/producto\/sleeveless-wool-cardigan-sarah-pacini\/\">Sleeveless wool cardigan<\/a><\/h3>\n\t<span class=\"price\"><del aria-hidden=\"true\"><span class=\"woocommerce-Price-amount amount\"><bdi>275,00<span class=\"woocommerce-Price-currencySymbol\">&euro;<\/span><\/bdi><\/span><\/del> <ins><span class=\"woocommerce-Price-amount amount\"><bdi>82,50<span class=\"woocommerce-Price-currencySymbol\">&euro;<\/span><\/bdi><\/span><\/ins><\/span>\n<div class=\"woocommerce-product-details__short-description\">\n\t<p>Sleeveless wool cardigan.<\/p>\n<p>&nbsp;<\/p>\n<p><a href=\"https:\/\/ferent.shop\/en\/size-guide-sarah-pacini-men\/\">SIZE GUIDE<\/a><\/p>\n<\/div>\n<div class=\"footer-button footer-button-shop-list\"><a href=\"https:\/\/ferent.shop\/en\/producto\/sleeveless-wool-cardigan-sarah-pacini\/\" data-quantity=\"1\" data-title=\"Sleeveless wool cardigan\" class=\"button product_type_simple\" data-product_id=\"10669\" data-product_sku=\"188029-02\" aria-label=\"Read more about &ldquo;Sleeveless wool cardigan&rdquo;\" aria-describedby=\"\" rel=\"nofollow\">Read more<\/a><div class=\"actions-button\">\n<div class=\"yith-wcwl-add-to-wishlist add-to-wishlist-10669  wishlist-fragment on-first-load\"\n     data-fragment-ref=\"10669\"\n     data-fragment-options=\"{&quot;base_url&quot;:&quot;&quot;,&quot;in_default_wishlist&quot;:false,&quot;is_single&quot;:false,&quot;show_exists&quot;:false,&quot;product_id&quot;:10669,&quot;parent_product_id&quot;:10669,&quot;product_type&quot;:&quot;simple&quot;,&quot;show_view&quot;:false,&quot;browse_wishlist_text&quot;:&quot;Browse Wishlist&quot;,&quot;already_in_wishslist_text&quot;:&quot;The product is already on the wishlist!&quot;,&quot;product_added_text&quot;:&quot;Added product!&quot;,&quot;heading_icon&quot;:&quot;icon-heart&quot;,&quot;available_multi_wishlist&quot;:false,&quot;disable_wishlist&quot;:false,&quot;show_count&quot;:false,&quot;ajax_loading&quot;:false,&quot;loop_position&quot;:false,&quot;item&quot;:&quot;add_to_wishlist&quot;}\">\n\t\t\t\n            <!-- ADD TO WISHLIST -->\n\t\t\t\n<div class=\"yith-wcwl-add-button\">\n    <a href=\"?add_to_wishlist=10669\"\n       rel=\"nofollow\"\n       data-product-id=\"10669\"\n       data-product-title=\"Sleeveless wool cardigan\"\n       data-product-type=\"simple\"\n       data-original-product-id=\"10669\"\n       class=\"add_to_wishlist single_add_to_wishlist\"\n       data-title=\"Add to Wishlist\"\n       title=\"Save\"\n       data-rel=\"tooltip\"\n    >\n\t\t<i class=\"yith-wcwl-icon fa icon-heart\"><\/i>        <span class=\"indent-text\">Add to Wishlist<\/span>\n    <\/a>\n    <span class=\"ajax-loading\" style=\"visibility:hidden\">\n        <span class=\"fa-spin loading-icon\"><\/span>\n    <\/span>\n<\/div>\n            <!-- COUNT TEXT -->\n\t\t\t\n\t\t\t<\/div>\n<div class=\"clear\"><\/div><a href=\"https:\/\/ferent.shop\/en\/producto\/sleeveless-wool-cardigan-sarah-pacini\/\" data-id=\"10669\"  class=\"supro-product-quick-view hidden-sm hidden-xs\" title=\"Quick View\" data-rel=\"tooltip\"><i class=\"icon-frame-expand\"><\/i><\/a><\/div><\/div><\/div><\/div><\/li>\n<\/ul>\n<\/div>[\/vc_column][\/vc_row]<\/p>\n<\/section>","protected":false},"excerpt":{"rendered":"<p>[vc_row][vc_column width=&#8221;1\/5&#8243; offset=&#8221;vc_hidden-sm vc_hidden-xs&#8221;][vc_empty_space][vc_wp_custommenu nav_menu=&#8221;988&#8243;][\/vc_column][vc_column width=&#8221;4\/5&#8243;][vc_column_text] Jackets and blazers &#8211; Outlet [\/vc_column_text][vc_empty_space][\/vc_column][\/vc_row]<\/p>\n","protected":false},"author":1,"featured_media":0,"parent":22456,"menu_order":0,"comment_status":"closed","ping_status":"open","template":"template-fullwidth.php","meta":{"footnotes":""},"yst_prominent_words":[],"yoast_head":"<!-- This site is optimized with the Yoast SEO Premium plugin v14.6.1 - https:\/\/yoast.com\/wordpress\/plugins\/seo\/ -->\n<title>Outlet - Men&#039;s jackets and blazers - TANNGO Shop<\/title>\n<meta name=\"description\" content=\"Discover the TANNGO OUTLET. Your favorite brands at the best price. Buy now and pay later. Shipping in 24h. Free return. Come in and find out!\" \/>\n<meta name=\"robots\" content=\"index, follow\" \/>\n<meta name=\"googlebot\" content=\"index, follow, max-snippet:-1, max-image-preview:large, max-video-preview:-1\" \/>\n<meta name=\"bingbot\" content=\"index, follow, max-snippet:-1, max-image-preview:large, max-video-preview:-1\" \/>\n<link rel=\"canonical\" href=\"https:\/\/ferent.shop\/en\/men\/outlet\/clothing\/jackets-and-blazers\/\" \/>\n<meta property=\"og:locale\" content=\"en_US\" \/>\n<meta property=\"og:type\" content=\"article\" \/>\n<meta property=\"og:title\" content=\"Outlet - Men&#039;s jackets and blazers - TANNGO Shop\" \/>\n<meta property=\"og:description\" content=\"Discover the TANNGO OUTLET. Your favorite brands at the best price. Buy now and pay later. Shipping in 24h. Free return. Come in and find out!\" \/>\n<meta property=\"og:url\" content=\"https:\/\/ferent.shop\/en\/men\/outlet\/clothing\/jackets-and-blazers\/\" \/>\n<meta property=\"og:site_name\" content=\"FERENT\" \/>\n<meta property=\"article:publisher\" content=\"https:\/\/www.facebook.com\/tanngo.shop\" \/>\n<meta property=\"article:modified_time\" content=\"2020-04-13T15:44:11+00:00\" \/>\n<meta name=\"twitter:card\" content=\"summary_large_image\" \/>\n<script type=\"application\/ld+json\" class=\"yoast-schema-graph\">{\"@context\":\"https:\/\/schema.org\",\"@graph\":[{\"@type\":\"Organization\",\"@id\":\"https:\/\/ferent.shop\/en\/#organization\",\"name\":\"Ferent\",\"url\":\"https:\/\/ferent.shop\/en\/\",\"sameAs\":[\"https:\/\/www.facebook.com\/tanngo.shop\",\"https:\/\/www.instagram.com\/tanngo.shop\/\"],\"logo\":{\"@type\":\"ImageObject\",\"@id\":\"https:\/\/ferent.shop\/en\/#logo\",\"inLanguage\":\"en-US\",\"url\":\"\",\"caption\":\"Ferent\"},\"image\":{\"@id\":\"https:\/\/ferent.shop\/en\/#logo\"}},{\"@type\":\"WebSite\",\"@id\":\"https:\/\/ferent.shop\/en\/#website\",\"url\":\"https:\/\/ferent.shop\/en\/\",\"name\":\"FERENT\",\"description\":\"Your online fashion destination.\",\"publisher\":{\"@id\":\"https:\/\/ferent.shop\/en\/#organization\"},\"potentialAction\":[{\"@type\":\"SearchAction\",\"target\":\"https:\/\/ferent.shop\/en\/?s={search_term_string}\",\"query-input\":\"required name=search_term_string\"}],\"inLanguage\":\"en-US\"},{\"@type\":\"WebPage\",\"@id\":\"https:\/\/ferent.shop\/en\/men\/outlet\/clothing\/jackets-and-blazers\/#webpage\",\"url\":\"https:\/\/ferent.shop\/en\/men\/outlet\/clothing\/jackets-and-blazers\/\",\"name\":\"Outlet - Men's jackets and blazers - TANNGO Shop\",\"isPartOf\":{\"@id\":\"https:\/\/ferent.shop\/en\/#website\"},\"datePublished\":\"2020-03-10T16:53:24+00:00\",\"dateModified\":\"2020-04-13T15:44:11+00:00\",\"description\":\"Discover the TANNGO OUTLET. Your favorite brands at the best price. Buy now and pay later. Shipping in 24h. Free return. Come in and find out!\",\"inLanguage\":\"en-US\",\"potentialAction\":[{\"@type\":\"ReadAction\",\"target\":[\"https:\/\/ferent.shop\/en\/men\/outlet\/clothing\/jackets-and-blazers\/\"]}]}]}<\/script>\n<!-- \/ Yoast SEO Premium plugin. -->","_links":{"self":[{"href":"https:\/\/ferent.shop\/en\/wp-json\/wp\/v2\/pages\/22492"}],"collection":[{"href":"https:\/\/ferent.shop\/en\/wp-json\/wp\/v2\/pages"}],"about":[{"href":"https:\/\/ferent.shop\/en\/wp-json\/wp\/v2\/types\/page"}],"author":[{"embeddable":true,"href":"https:\/\/ferent.shop\/en\/wp-json\/wp\/v2\/users\/1"}],"replies":[{"embeddable":true,"href":"https:\/\/ferent.shop\/en\/wp-json\/wp\/v2\/comments?post=22492"}],"version-history":[{"count":0,"href":"https:\/\/ferent.shop\/en\/wp-json\/wp\/v2\/pages\/22492\/revisions"}],"up":[{"embeddable":true,"href":"https:\/\/ferent.shop\/en\/wp-json\/wp\/v2\/pages\/22456"}],"wp:attachment":[{"href":"https:\/\/ferent.shop\/en\/wp-json\/wp\/v2\/media?parent=22492"}],"wp:term":[{"taxonomy":"yst_prominent_words","embeddable":true,"href":"https:\/\/ferent.shop\/en\/wp-json\/wp\/v2\/yst_prominent_words?post=22492"}],"curies":[{"name":"wp","href":"https:\/\/api.w.org\/{rel}","templated":true}]}}